{"id":50,"date":"2024-10-31T17:04:08","date_gmt":"2024-10-31T17:04:08","guid":{"rendered":"https:\/\/stop-volodin.com\/?page_id=50"},"modified":"2024-11-10T18:11:41","modified_gmt":"2024-11-10T18:11:41","slug":"contact","status":"publish","type":"page","link":"https:\/\/stop-volodin.com\/es\/contact\/","title":{"rendered":"Contact"},"content":{"rendered":"<div data-elementor-type=\"wp-page\" data-elementor-id=\"50\" class=\"elementor elementor-50\" data-elementor-post-type=\"page\">\n\t\t\t\t\t\t<section class=\"elementor-section elementor-top-section elementor-element elementor-element-430cde9e elementor-section-content-middle elementor-section-boxed elementor-section-height-default elementor-section-height-default\" data-id=\"430cde9e\" data-element_type=\"section\" data-settings=\"{&quot;background_background&quot;:&quot;classic&quot;}\">\n\t\t\t\t\t\t\t<div class=\"elementor-background-overlay\"><\/div>\n\t\t\t\t\t\t\t<div class=\"elementor-container elementor-column-gap-no\">\n\t\t\t\t\t<div class=\"elementor-column elementor-col-100 elementor-top-column elementor-element elementor-element-71b60cf5\" data-id=\"71b60cf5\" data-element_type=\"column\">\n\t\t\t<div class=\"elementor-widget-wrap elementor-element-populated\">\n\t\t\t\t\t\t<div class=\"elementor-element elementor-element-3767767 elementor-widget elementor-widget-heading\" data-id=\"3767767\" data-element_type=\"widget\" data-widget_type=\"heading.default\">\n\t\t\t\t<div class=\"elementor-widget-container\">\n\t\t\t<h2 class=\"elementor-heading-title elementor-size-default\">Contactos<\/h2>\t\t<\/div>\n\t\t\t\t<\/div>\n\t\t\t\t<div class=\"elementor-element elementor-element-3d6ab36 elementor-widget elementor-widget-heading\" data-id=\"3d6ab36\" data-element_type=\"widget\" data-widget_type=\"heading.default\">\n\t\t\t\t<div class=\"elementor-widget-container\">\n\t\t\t<p class=\"elementor-heading-title elementor-size-default\">Aqu\u00ed encontrar\u00e1 la informaci\u00f3n de contacto para comunicarse con nosotros. Si tiene alguna pregunta o ha sido v\u00edctima de fraude, no dude en contactarnos.\n\n<\/p>\t\t<\/div>\n\t\t\t\t<\/div>\n\t\t\t\t\t<\/div>\n\t\t<\/div>\n\t\t\t\t\t<\/div>\n\t\t<\/section>\n\t\t\t\t<section class=\"elementor-section elementor-top-section elementor-element elementor-element-47657b9e elementor-section-boxed elementor-section-height-default elementor-section-height-default\" data-id=\"47657b9e\" data-element_type=\"section\" data-settings=\"{&quot;background_background&quot;:&quot;classic&quot;}\">\n\t\t\t\t\t\t<div class=\"elementor-container elementor-column-gap-no\">\n\t\t\t\t\t<div class=\"elementor-column elementor-col-100 elementor-top-column elementor-element elementor-element-21232a42\" data-id=\"21232a42\" data-element_type=\"column\">\n\t\t\t<div class=\"elementor-widget-wrap elementor-element-populated\">\n\t\t\t\t\t\t<section class=\"elementor-section elementor-inner-section elementor-element elementor-element-a93e519 elementor-section-full_width elementor-section-height-default elementor-section-height-default\" data-id=\"a93e519\" data-element_type=\"section\">\n\t\t\t\t\t\t<div class=\"elementor-container elementor-column-gap-no\">\n\t\t\t\t\t<div class=\"elementor-column elementor-col-50 elementor-inner-column elementor-element elementor-element-f4fa80b\" data-id=\"f4fa80b\" data-element_type=\"column\">\n\t\t\t<div class=\"elementor-widget-wrap elementor-element-populated\">\n\t\t\t\t\t\t<div class=\"elementor-element elementor-element-4f8527c4 elementor-widget elementor-widget-heading\" data-id=\"4f8527c4\" data-element_type=\"widget\" data-widget_type=\"heading.default\">\n\t\t\t\t<div class=\"elementor-widget-container\">\n\t\t\t<h2 class=\"elementor-heading-title elementor-size-default\">Nuestras Redes Sociales<\/h2>\t\t<\/div>\n\t\t\t\t<\/div>\n\t\t\t\t\t<\/div>\n\t\t<\/div>\n\t\t\t\t<div class=\"elementor-column elementor-col-50 elementor-inner-column elementor-element elementor-element-5c9873f1\" data-id=\"5c9873f1\" data-element_type=\"column\">\n\t\t\t<div class=\"elementor-widget-wrap elementor-element-populated\">\n\t\t\t\t\t\t<div class=\"elementor-element elementor-element-1d6dc79d elementor-widget elementor-widget-heading\" data-id=\"1d6dc79d\" data-element_type=\"widget\" data-widget_type=\"heading.default\">\n\t\t\t\t<div class=\"elementor-widget-container\">\n\t\t\t<h2 class=\"elementor-heading-title elementor-size-default\">Cont\u00e1ctenos<\/h2>\t\t<\/div>\n\t\t\t\t<\/div>\n\t\t\t\t<div class=\"elementor-element elementor-element-7e7a64ca elementor-widget__width-initial elementor-widget-mobile__width-initial elementor-widget elementor-widget-heading\" data-id=\"7e7a64ca\" data-element_type=\"widget\" data-widget_type=\"heading.default\">\n\t\t\t\t<div class=\"elementor-widget-container\">\n\t\t\t<p class=\"elementor-heading-title elementor-size-default\">Si tiene alguna pregunta o desea informar sobre un fraude, complete el formulario a continuaci\u00f3n y nos pondremos en contacto con usted en breve. Si tambi\u00e9n ha sido v\u00edctima, por favor comparta su experiencia para ayudar a otros a evitar situaciones similares.<\/p>\t\t<\/div>\n\t\t\t\t<\/div>\n\t\t\t\t<div class=\"elementor-element elementor-element-3e3a843b animated-slow eael-fluentform-form-button-custom elementor-invisible elementor-widget elementor-widget-eael-fluentform\" data-id=\"3e3a843b\" data-element_type=\"widget\" data-settings=\"{&quot;_animation&quot;:&quot;fadeInUp&quot;}\" data-widget_type=\"eael-fluentform.default\">\n\t\t\t\t<div class=\"elementor-widget-container\">\n\t\t\t        <div class=\"eael-contact-form eael-fluent-form-wrapper clearfix fluent-form-labels-hide eael-contact-form-align-default\">\n\n            \n            <div class='fluentform ff-default fluentform_wrapper_1 ffs_default_wrap'><form data-form_id=\"1\" id=\"fluentform_1\" class=\"frm-fluent-form fluent_form_1 ff-el-form-top ff_form_instance_1_1 ff-form-loading ffs_default\" data-form_instance=\"ff_form_instance_1_1\" method=\"POST\" ><fieldset  style=\"border: none!important;margin: 0!important;padding: 0!important;background-color: transparent!important;box-shadow: none!important;outline: none!important; min-inline-size: 100%;\">\n                    <legend class=\"ff_screen_reader_title\" style=\"display: block; margin: 0!important;padding: 0!important;height: 0!important;text-indent: -999999px;width: 0!important;overflow:hidden;\">Contact Form Demo<\/legend><input type='hidden' name='__fluent_form_embded_post_id' value='50' \/><input type=\"hidden\" id=\"_fluentform_1_fluentformnonce\" name=\"_fluentform_1_fluentformnonce\" value=\"d3a2838244\" \/><input type=\"hidden\" name=\"_wp_http_referer\" value=\"\/es\/wp-json\/wp\/v2\/pages\/50\" \/><div data-type=\"name-element\" data-name=\"names\" class=\"ff-field_container ff-name-field-wrapper\" ><div class='ff-t-container'><div class='ff-t-cell'><div class='ff-el-group'><div class=\"ff-el-input--label asterisk-right\"><label for='ff_1_names_first_name_' aria-label=\"First Name\">First Name<\/label><\/div><div class='ff-el-input--content'><input type=\"text\" name=\"names[first_name]\" id=\"ff_1_names_first_name_\" class=\"ff-el-form-control\" placeholder=\"First Name\" aria-invalid=\"false\" aria-required=\"false\"><\/div><\/div><\/div><div class='ff-t-cell'><div class='ff-el-group'><div class=\"ff-el-input--label asterisk-right\"><label for='ff_1_names_last_name_' aria-label=\"Last Name\">Last Name<\/label><\/div><div class='ff-el-input--content'><input type=\"text\" name=\"names[last_name]\" id=\"ff_1_names_last_name_\" class=\"ff-el-form-control\" placeholder=\"Last Name\" aria-invalid=\"false\" aria-required=\"false\"><\/div><\/div><\/div><\/div><\/div><div class='ff-el-group'><div class=\"ff-el-input--label ff-el-is-required asterisk-right\"><label for='ff_1_email' aria-label=\"Email\">Email<\/label><\/div><div class='ff-el-input--content'><input type=\"email\" name=\"email\" id=\"ff_1_email\" class=\"ff-el-form-control\" placeholder=\"Email Address\" data-name=\"email\"  aria-invalid=\"false\" aria-required=\"true\"><\/div><\/div><div class='ff-el-group'><div class=\"ff-el-input--label asterisk-right\"><label for='ff_1_subject' aria-label=\"Subject\">Subject<\/label><\/div><div class='ff-el-input--content'><input type=\"text\" name=\"subject\" class=\"ff-el-form-control\" placeholder=\"Subject\" data-name=\"subject\" id=\"ff_1_subject\"  aria-invalid=\"false\" aria-required=\"false\"><\/div><\/div><div class='ff-el-group'><div class=\"ff-el-input--label ff-el-is-required asterisk-right\"><label for='ff_1_message' aria-label=\"Your Message\">Your Message<\/label><\/div><div class='ff-el-input--content'><textarea aria-invalid=\"false\" aria-required=\"true\" name=\"message\" id=\"ff_1_message\" class=\"ff-el-form-control\" placeholder=\"Your Message\" rows=\"4\" cols=\"2\" data-name=\"message\" ><\/textarea><\/div><\/div><div class='ff-el-group ff-text-left ff_submit_btn_wrapper'><button type=\"submit\" class=\"ff-btn ff-btn-submit ff-btn-md ff_btn_style\" >Submit Form<\/button><\/div><\/fieldset><input type=\"hidden\" name=\"trp-form-language\" value=\"es\"\/><\/form><div id='fluentform_1_errors' class='ff-errors-in-stack ff_form_instance_1_1 ff-form-loading_errors ff_form_instance_1_1_errors'><\/div><\/div>        <script type=\"text\/javascript\">\n            window.fluent_form_ff_form_instance_1_1 = {\"id\":\"1\",\"settings\":{\"layout\":{\"labelPlacement\":\"top\",\"helpMessagePlacement\":\"with_label\",\"errorMessagePlacement\":\"inline\",\"cssClassName\":\"\",\"asteriskPlacement\":\"asterisk-right\"},\"restrictions\":{\"denyEmptySubmission\":{\"enabled\":false}}},\"form_instance\":\"ff_form_instance_1_1\",\"form_id_selector\":\"fluentform_1\",\"rules\":{\"names[first_name]\":{\"required\":{\"value\":false,\"message\":\"This field is required\"}},\"names[middle_name]\":{\"required\":{\"value\":false,\"message\":\"This field is required\"}},\"names[last_name]\":{\"required\":{\"value\":false,\"message\":\"This field is required\"}},\"email\":{\"required\":{\"value\":true,\"message\":\"This field is required\"},\"email\":{\"value\":true,\"message\":\"This field must contain a valid email\"}},\"subject\":{\"required\":{\"value\":false,\"message\":\"This field is required\"}},\"message\":{\"required\":{\"value\":true,\"message\":\"This field is required\"}}},\"debounce_time\":300};\n                    <\/script>\n                <\/div>\n\n        \t\t<\/div>\n\t\t\t\t<\/div>\n\t\t\t\t\t<\/div>\n\t\t<\/div>\n\t\t\t\t\t<\/div>\n\t\t<\/section>\n\t\t\t\t\t<\/div>\n\t\t<\/div>\n\t\t\t\t\t<\/div>\n\t\t<\/section>\n\t\t\t\t<\/div>","protected":false},"excerpt":{"rendered":"<p>\u041a\u043e\u043d\u0442\u0430\u043a\u0442\u044b \u0417\u0434\u0435\u0441\u044c \u0432\u044b \u043d\u0430\u0439\u0434\u0435\u0442\u0435 \u043a\u043e\u043d\u0442\u0430\u043a\u0442\u043d\u0443\u044e \u0438\u043d\u0444\u043e\u0440\u043c\u0430\u0446\u0438\u044e \u0434\u043b\u044f \u043e\u0431\u0440\u0430\u0442\u043d\u043e\u0439 \u0441\u0432\u044f\u0437\u0438. \u0415\u0441\u043b\u0438 \u0443 \u0432\u0430\u0441 \u0435\u0441\u0442\u044c \u0432\u043e\u043f\u0440\u043e\u0441\u044b \u0438\u043b\u0438 \u0432\u044b \u0441\u0442\u0430\u043b\u0438 \u0436\u0435\u0440\u0442\u0432\u043e\u0439 \u043c\u043e\u0448\u0435\u043d\u043d\u0438\u0447\u0435\u0441\u0442\u0432\u0430, \u043d\u0435 [&hellip;]<\/p>","protected":false},"author":1,"featured_media":0,"parent":0,"menu_order":0,"comment_status":"closed","ping_status":"closed","template":"","meta":{"site-sidebar-layout":"no-sidebar","site-content-layout":"","ast-site-content-layout":"full-width-container","site-content-style":"default","site-sidebar-style":"default","ast-global-header-display":"","ast-banner-title-visibility":"","ast-main-header-display":"","ast-hfb-above-header-display":"","ast-hfb-below-header-display":"","ast-hfb-mobile-header-display":"","site-post-title":"disabled","ast-breadcrumbs-content":"","ast-featured-img":"disabled","footer-sml-layout":"","theme-transparent-header-meta":"","adv-header-id-meta":"","stick-header-meta":"","header-above-stick-meta":"","header-main-stick-meta":"","header-below-stick-meta":"","astra-migrate-meta-layouts":"default","ast-page-background-enabled":"default","ast-page-background-meta":{"desktop":{"background-color":"var(--ast-global-color-4)","background-image":"","background-repeat":"repeat","background-position":"center center","background-size":"auto","background-attachment":"scroll","background-type":"","background-media":"","overlay-type":"","overlay-color":"","overlay-opacity":"","overlay-gradient":""},"tablet":{"background-color":"","background-image":"","background-repeat":"repeat","background-position":"center center","background-size":"auto","background-attachment":"scroll","background-type":"","background-media":"","overlay-type":"","overlay-color":"","overlay-opacity":"","overlay-gradient":""},"mobile":{"background-color":"","background-image":"","background-repeat":"repeat","background-position":"center center","background-size":"auto","background-attachment":"scroll","background-type":"","background-media":"","overlay-type":"","overlay-color":"","overlay-opacity":"","overlay-gradient":""}},"ast-content-background-meta":{"desktop":{"background-color":"var(--ast-global-color-5)","background-image":"","background-repeat":"repeat","background-position":"center center","background-size":"auto","background-attachment":"scroll","background-type":"","background-media":"","overlay-type":"","overlay-color":"","overlay-opacity":"","overlay-gradient":""},"tablet":{"background-color":"var(--ast-global-color-5)","background-image":"","background-repeat":"repeat","background-position":"center center","background-size":"auto","background-attachment":"scroll","background-type":"","background-media":"","overlay-type":"","overlay-color":"","overlay-opacity":"","overlay-gradient":""},"mobile":{"background-color":"var(--ast-global-color-5)","background-image":"","background-repeat":"repeat","background-position":"center center","background-size":"auto","background-attachment":"scroll","background-type":"","background-media":"","overlay-type":"","overlay-color":"","overlay-opacity":"","overlay-gradient":""}},"footnotes":""},"class_list":["post-50","page","type-page","status-publish","hentry"],"yoast_head":"<!-- This site is optimized with the Yoast SEO plugin v23.8 - https:\/\/yoast.com\/wordpress\/plugins\/seo\/ -->\n<title>\u0421\u0432\u044f\u0437\u044c \u0441 \u043d\u0430\u043c\u0438 \u2013 \u0421\u043e\u043e\u0431\u0449\u0438\u0442\u0435 \u043e \u043c\u043e\u0448\u0435\u043d\u043d\u0438\u0447\u0435\u0441\u0442\u0432\u0435 \u0412\u043e\u043b\u043e\u0434\u0438\u043d\u0430 \u0414\u0435\u043d\u0438\u0441\u0430 \u0415\u0432\u0433\u0435\u043d\u044c\u0435\u0432\u0438\u0447\u0430<\/title>\n<meta name=\"description\" content=\"\u0421\u0432\u044f\u0436\u0438\u0442\u0435\u0441\u044c \u0441 \u043d\u0430\u043c\u0438, \u0435\u0441\u043b\u0438 \u0432\u044b \u0441\u0442\u0430\u043b\u0438 \u0436\u0435\u0440\u0442\u0432\u043e\u0439 \u0412\u043e\u043b\u043e\u0434\u0438\u043d\u0430 \u0414\u0435\u043d\u0438\u0441\u0430 \u0415\u0432\u0433\u0435\u043d\u044c\u0435\u0432\u0438\u0447\u0430 \u0438\u043b\u0438 \u043e\u0431\u043b\u0430\u0434\u0430\u0435\u0442\u0435 \u0438\u043d\u0444\u043e\u0440\u043c\u0430\u0446\u0438\u0435\u0439 \u043e \u0435\u0433\u043e \u0434\u0435\u0439\u0441\u0442\u0432\u0438\u044f\u0445. \u041f\u043e\u043c\u043e\u0436\u0435\u043c \u0441 \u043f\u0440\u0430\u0432\u043e\u0432\u043e\u0439 \u043f\u043e\u0434\u0434\u0435\u0440\u0436\u043a\u043e\u0439 \u0438 \u043f\u0440\u0435\u0434\u043e\u0442\u0432\u0440\u0430\u0442\u0438\u043c \u043f\u043e\u0432\u0442\u043e\u0440\u0435\u043d\u0438\u0435 \u043f\u0440\u0435\u0441\u0442\u0443\u043f\u043b\u0435\u043d\u0438\u0439.\" \/>\n<meta name=\"robots\" content=\"noindex, follow, max-snippet:-1, max-image-preview:large, max-video-preview:-1\" \/>\n<meta property=\"og:locale\" content=\"es_ES\" \/>\n<meta property=\"og:type\" content=\"article\" \/>\n<meta property=\"og:title\" content=\"\u0421\u0432\u044f\u0437\u044c \u0441 \u043d\u0430\u043c\u0438 \u2013 \u0421\u043e\u043e\u0431\u0449\u0438\u0442\u0435 \u043e \u043c\u043e\u0448\u0435\u043d\u043d\u0438\u0447\u0435\u0441\u0442\u0432\u0435 \u0412\u043e\u043b\u043e\u0434\u0438\u043d\u0430 \u0414\u0435\u043d\u0438\u0441\u0430 \u0415\u0432\u0433\u0435\u043d\u044c\u0435\u0432\u0438\u0447\u0430\" \/>\n<meta property=\"og:description\" content=\"\u0421\u0432\u044f\u0436\u0438\u0442\u0435\u0441\u044c \u0441 \u043d\u0430\u043c\u0438, \u0435\u0441\u043b\u0438 \u0432\u044b \u0441\u0442\u0430\u043b\u0438 \u0436\u0435\u0440\u0442\u0432\u043e\u0439 \u0412\u043e\u043b\u043e\u0434\u0438\u043d\u0430 \u0414\u0435\u043d\u0438\u0441\u0430 \u0415\u0432\u0433\u0435\u043d\u044c\u0435\u0432\u0438\u0447\u0430 \u0438\u043b\u0438 \u043e\u0431\u043b\u0430\u0434\u0430\u0435\u0442\u0435 \u0438\u043d\u0444\u043e\u0440\u043c\u0430\u0446\u0438\u0435\u0439 \u043e \u0435\u0433\u043e \u0434\u0435\u0439\u0441\u0442\u0432\u0438\u044f\u0445. \u041f\u043e\u043c\u043e\u0436\u0435\u043c \u0441 \u043f\u0440\u0430\u0432\u043e\u0432\u043e\u0439 \u043f\u043e\u0434\u0434\u0435\u0440\u0436\u043a\u043e\u0439 \u0438 \u043f\u0440\u0435\u0434\u043e\u0442\u0432\u0440\u0430\u0442\u0438\u043c \u043f\u043e\u0432\u0442\u043e\u0440\u0435\u043d\u0438\u0435 \u043f\u0440\u0435\u0441\u0442\u0443\u043f\u043b\u0435\u043d\u0438\u0439.\" \/>\n<meta property=\"og:url\" content=\"https:\/\/stop-volodin.com\/es\/contact\/\" \/>\n<meta property=\"og:site_name\" content=\"stop-volodin.com\" \/>\n<meta property=\"article:modified_time\" content=\"2024-11-10T18:11:41+00:00\" \/>\n<meta name=\"twitter:card\" content=\"summary_large_image\" \/>\n<meta name=\"twitter:label1\" content=\"Tiempo de lectura\" \/>\n\t<meta name=\"twitter:data1\" content=\"1 minuto\" \/>\n<script type=\"application\/ld+json\" class=\"yoast-schema-graph\">{\"@context\":\"https:\/\/schema.org\",\"@graph\":[{\"@type\":\"WebPage\",\"@id\":\"https:\/\/stop-volodin.com\/contact\/\",\"url\":\"https:\/\/stop-volodin.com\/contact\/\",\"name\":\"\u0421\u0432\u044f\u0437\u044c \u0441 \u043d\u0430\u043c\u0438 \u2013 \u0421\u043e\u043e\u0431\u0449\u0438\u0442\u0435 \u043e \u043c\u043e\u0448\u0435\u043d\u043d\u0438\u0447\u0435\u0441\u0442\u0432\u0435 \u0412\u043e\u043b\u043e\u0434\u0438\u043d\u0430 \u0414\u0435\u043d\u0438\u0441\u0430 \u0415\u0432\u0433\u0435\u043d\u044c\u0435\u0432\u0438\u0447\u0430\",\"isPartOf\":{\"@id\":\"https:\/\/stop-volodin.com\/#website\"},\"datePublished\":\"2024-10-31T17:04:08+00:00\",\"dateModified\":\"2024-11-10T18:11:41+00:00\",\"description\":\"\u0421\u0432\u044f\u0436\u0438\u0442\u0435\u0441\u044c \u0441 \u043d\u0430\u043c\u0438, \u0435\u0441\u043b\u0438 \u0432\u044b \u0441\u0442\u0430\u043b\u0438 \u0436\u0435\u0440\u0442\u0432\u043e\u0439 \u0412\u043e\u043b\u043e\u0434\u0438\u043d\u0430 \u0414\u0435\u043d\u0438\u0441\u0430 \u0415\u0432\u0433\u0435\u043d\u044c\u0435\u0432\u0438\u0447\u0430 \u0438\u043b\u0438 \u043e\u0431\u043b\u0430\u0434\u0430\u0435\u0442\u0435 \u0438\u043d\u0444\u043e\u0440\u043c\u0430\u0446\u0438\u0435\u0439 \u043e \u0435\u0433\u043e \u0434\u0435\u0439\u0441\u0442\u0432\u0438\u044f\u0445. \u041f\u043e\u043c\u043e\u0436\u0435\u043c \u0441 \u043f\u0440\u0430\u0432\u043e\u0432\u043e\u0439 \u043f\u043e\u0434\u0434\u0435\u0440\u0436\u043a\u043e\u0439 \u0438 \u043f\u0440\u0435\u0434\u043e\u0442\u0432\u0440\u0430\u0442\u0438\u043c \u043f\u043e\u0432\u0442\u043e\u0440\u0435\u043d\u0438\u0435 \u043f\u0440\u0435\u0441\u0442\u0443\u043f\u043b\u0435\u043d\u0438\u0439.\",\"breadcrumb\":{\"@id\":\"https:\/\/stop-volodin.com\/contact\/#breadcrumb\"},\"inLanguage\":\"es\",\"potentialAction\":[{\"@type\":\"ReadAction\",\"target\":[\"https:\/\/stop-volodin.com\/contact\/\"]}]},{\"@type\":\"BreadcrumbList\",\"@id\":\"https:\/\/stop-volodin.com\/contact\/#breadcrumb\",\"itemListElement\":[{\"@type\":\"ListItem\",\"position\":1,\"name\":\"\u0413\u043b\u0430\u0432\u043d\u0430\u044f \u0441\u0442\u0440\u0430\u043d\u0438\u0446\u0430\",\"item\":\"https:\/\/stop-volodin.com\/\"},{\"@type\":\"ListItem\",\"position\":2,\"name\":\"Contact\"}]},{\"@type\":\"WebSite\",\"@id\":\"https:\/\/stop-volodin.com\/#website\",\"url\":\"https:\/\/stop-volodin.com\/\",\"name\":\"stop-volodin.com\",\"description\":\"\",\"potentialAction\":[{\"@type\":\"SearchAction\",\"target\":{\"@type\":\"EntryPoint\",\"urlTemplate\":\"https:\/\/stop-volodin.com\/?s={search_term_string}\"},\"query-input\":{\"@type\":\"PropertyValueSpecification\",\"valueRequired\":true,\"valueName\":\"search_term_string\"}}],\"inLanguage\":\"es\"}]}<\/script>\n<!-- \/ Yoast SEO plugin. -->","yoast_head_json":{"title":"\u0421\u0432\u044f\u0437\u044c \u0441 \u043d\u0430\u043c\u0438 \u2013 \u0421\u043e\u043e\u0431\u0449\u0438\u0442\u0435 \u043e \u043c\u043e\u0448\u0435\u043d\u043d\u0438\u0447\u0435\u0441\u0442\u0432\u0435 \u0412\u043e\u043b\u043e\u0434\u0438\u043d\u0430 \u0414\u0435\u043d\u0438\u0441\u0430 \u0415\u0432\u0433\u0435\u043d\u044c\u0435\u0432\u0438\u0447\u0430","description":"\u0421\u0432\u044f\u0436\u0438\u0442\u0435\u0441\u044c \u0441 \u043d\u0430\u043c\u0438, \u0435\u0441\u043b\u0438 \u0432\u044b \u0441\u0442\u0430\u043b\u0438 \u0436\u0435\u0440\u0442\u0432\u043e\u0439 \u0412\u043e\u043b\u043e\u0434\u0438\u043d\u0430 \u0414\u0435\u043d\u0438\u0441\u0430 \u0415\u0432\u0433\u0435\u043d\u044c\u0435\u0432\u0438\u0447\u0430 \u0438\u043b\u0438 \u043e\u0431\u043b\u0430\u0434\u0430\u0435\u0442\u0435 \u0438\u043d\u0444\u043e\u0440\u043c\u0430\u0446\u0438\u0435\u0439 \u043e \u0435\u0433\u043e \u0434\u0435\u0439\u0441\u0442\u0432\u0438\u044f\u0445. \u041f\u043e\u043c\u043e\u0436\u0435\u043c \u0441 \u043f\u0440\u0430\u0432\u043e\u0432\u043e\u0439 \u043f\u043e\u0434\u0434\u0435\u0440\u0436\u043a\u043e\u0439 \u0438 \u043f\u0440\u0435\u0434\u043e\u0442\u0432\u0440\u0430\u0442\u0438\u043c \u043f\u043e\u0432\u0442\u043e\u0440\u0435\u043d\u0438\u0435 \u043f\u0440\u0435\u0441\u0442\u0443\u043f\u043b\u0435\u043d\u0438\u0439.","robots":{"index":"noindex","follow":"follow","max-snippet":"max-snippet:-1","max-image-preview":"max-image-preview:large","max-video-preview":"max-video-preview:-1"},"og_locale":"es_ES","og_type":"article","og_title":"\u0421\u0432\u044f\u0437\u044c \u0441 \u043d\u0430\u043c\u0438 \u2013 \u0421\u043e\u043e\u0431\u0449\u0438\u0442\u0435 \u043e \u043c\u043e\u0448\u0435\u043d\u043d\u0438\u0447\u0435\u0441\u0442\u0432\u0435 \u0412\u043e\u043b\u043e\u0434\u0438\u043d\u0430 \u0414\u0435\u043d\u0438\u0441\u0430 \u0415\u0432\u0433\u0435\u043d\u044c\u0435\u0432\u0438\u0447\u0430","og_description":"\u0421\u0432\u044f\u0436\u0438\u0442\u0435\u0441\u044c \u0441 \u043d\u0430\u043c\u0438, \u0435\u0441\u043b\u0438 \u0432\u044b \u0441\u0442\u0430\u043b\u0438 \u0436\u0435\u0440\u0442\u0432\u043e\u0439 \u0412\u043e\u043b\u043e\u0434\u0438\u043d\u0430 \u0414\u0435\u043d\u0438\u0441\u0430 \u0415\u0432\u0433\u0435\u043d\u044c\u0435\u0432\u0438\u0447\u0430 \u0438\u043b\u0438 \u043e\u0431\u043b\u0430\u0434\u0430\u0435\u0442\u0435 \u0438\u043d\u0444\u043e\u0440\u043c\u0430\u0446\u0438\u0435\u0439 \u043e \u0435\u0433\u043e \u0434\u0435\u0439\u0441\u0442\u0432\u0438\u044f\u0445. \u041f\u043e\u043c\u043e\u0436\u0435\u043c \u0441 \u043f\u0440\u0430\u0432\u043e\u0432\u043e\u0439 \u043f\u043e\u0434\u0434\u0435\u0440\u0436\u043a\u043e\u0439 \u0438 \u043f\u0440\u0435\u0434\u043e\u0442\u0432\u0440\u0430\u0442\u0438\u043c \u043f\u043e\u0432\u0442\u043e\u0440\u0435\u043d\u0438\u0435 \u043f\u0440\u0435\u0441\u0442\u0443\u043f\u043b\u0435\u043d\u0438\u0439.","og_url":"https:\/\/stop-volodin.com\/es\/contact\/","og_site_name":"stop-volodin.com","article_modified_time":"2024-11-10T18:11:41+00:00","twitter_card":"summary_large_image","twitter_misc":{"Tiempo de lectura":"1 minuto"},"schema":{"@context":"https:\/\/schema.org","@graph":[{"@type":"WebPage","@id":"https:\/\/stop-volodin.com\/contact\/","url":"https:\/\/stop-volodin.com\/contact\/","name":"\u0421\u0432\u044f\u0437\u044c \u0441 \u043d\u0430\u043c\u0438 \u2013 \u0421\u043e\u043e\u0431\u0449\u0438\u0442\u0435 \u043e \u043c\u043e\u0448\u0435\u043d\u043d\u0438\u0447\u0435\u0441\u0442\u0432\u0435 \u0412\u043e\u043b\u043e\u0434\u0438\u043d\u0430 \u0414\u0435\u043d\u0438\u0441\u0430 \u0415\u0432\u0433\u0435\u043d\u044c\u0435\u0432\u0438\u0447\u0430","isPartOf":{"@id":"https:\/\/stop-volodin.com\/#website"},"datePublished":"2024-10-31T17:04:08+00:00","dateModified":"2024-11-10T18:11:41+00:00","description":"\u0421\u0432\u044f\u0436\u0438\u0442\u0435\u0441\u044c \u0441 \u043d\u0430\u043c\u0438, \u0435\u0441\u043b\u0438 \u0432\u044b \u0441\u0442\u0430\u043b\u0438 \u0436\u0435\u0440\u0442\u0432\u043e\u0439 \u0412\u043e\u043b\u043e\u0434\u0438\u043d\u0430 \u0414\u0435\u043d\u0438\u0441\u0430 \u0415\u0432\u0433\u0435\u043d\u044c\u0435\u0432\u0438\u0447\u0430 \u0438\u043b\u0438 \u043e\u0431\u043b\u0430\u0434\u0430\u0435\u0442\u0435 \u0438\u043d\u0444\u043e\u0440\u043c\u0430\u0446\u0438\u0435\u0439 \u043e \u0435\u0433\u043e \u0434\u0435\u0439\u0441\u0442\u0432\u0438\u044f\u0445. \u041f\u043e\u043c\u043e\u0436\u0435\u043c \u0441 \u043f\u0440\u0430\u0432\u043e\u0432\u043e\u0439 \u043f\u043e\u0434\u0434\u0435\u0440\u0436\u043a\u043e\u0439 \u0438 \u043f\u0440\u0435\u0434\u043e\u0442\u0432\u0440\u0430\u0442\u0438\u043c \u043f\u043e\u0432\u0442\u043e\u0440\u0435\u043d\u0438\u0435 \u043f\u0440\u0435\u0441\u0442\u0443\u043f\u043b\u0435\u043d\u0438\u0439.","breadcrumb":{"@id":"https:\/\/stop-volodin.com\/contact\/#breadcrumb"},"inLanguage":"es","potentialAction":[{"@type":"ReadAction","target":["https:\/\/stop-volodin.com\/contact\/"]}]},{"@type":"BreadcrumbList","@id":"https:\/\/stop-volodin.com\/contact\/#breadcrumb","itemListElement":[{"@type":"ListItem","position":1,"name":"\u0413\u043b\u0430\u0432\u043d\u0430\u044f \u0441\u0442\u0440\u0430\u043d\u0438\u0446\u0430","item":"https:\/\/stop-volodin.com\/"},{"@type":"ListItem","position":2,"name":"Contact"}]},{"@type":"WebSite","@id":"https:\/\/stop-volodin.com\/#website","url":"https:\/\/stop-volodin.com\/","name":"stop-volodin.com","description":"","potentialAction":[{"@type":"SearchAction","target":{"@type":"EntryPoint","urlTemplate":"https:\/\/stop-volodin.com\/?s={search_term_string}"},"query-input":{"@type":"PropertyValueSpecification","valueRequired":true,"valueName":"search_term_string"}}],"inLanguage":"es"}]}},"_links":{"self":[{"href":"https:\/\/stop-volodin.com\/es\/wp-json\/wp\/v2\/pages\/50","targetHints":{"allow":["GET"]}}],"collection":[{"href":"https:\/\/stop-volodin.com\/es\/wp-json\/wp\/v2\/pages"}],"about":[{"href":"https:\/\/stop-volodin.com\/es\/wp-json\/wp\/v2\/types\/page"}],"author":[{"embeddable":true,"href":"https:\/\/stop-volodin.com\/es\/wp-json\/wp\/v2\/users\/1"}],"replies":[{"embeddable":true,"href":"https:\/\/stop-volodin.com\/es\/wp-json\/wp\/v2\/comments?post=50"}],"version-history":[{"count":5,"href":"https:\/\/stop-volodin.com\/es\/wp-json\/wp\/v2\/pages\/50\/revisions"}],"predecessor-version":[{"id":100,"href":"https:\/\/stop-volodin.com\/es\/wp-json\/wp\/v2\/pages\/50\/revisions\/100"}],"wp:attachment":[{"href":"https:\/\/stop-volodin.com\/es\/wp-json\/wp\/v2\/media?parent=50"}],"curies":[{"name":"wp","href":"https:\/\/api.w.org\/{rel}","templated":true}]}}